{"id":1660,"date":"2026-01-19T17:01:22","date_gmt":"2026-01-19T17:01:22","guid":{"rendered":"https:\/\/haciendaortigosa.com\/auszeichnungen\/"},"modified":"2026-04-28T13:21:27","modified_gmt":"2026-04-28T13:21:27","slug":"auszeichnungen","status":"publish","type":"page","link":"https:\/\/haciendaortigosa.com\/de\/auszeichnungen\/","title":{"rendered":"Auszeichnungen"},"content":{"rendered":"\t\t<div data-elementor-type=\"wp-page\" data-elementor-id=\"1660\" class=\"elementor elementor-1660 elementor-1179\" data-elementor-post-type=\"page\">\n\t\t\t\t<div class=\"elementor-element elementor-element-efd1f2d e-flex e-con-boxed e-con e-parent\" data-id=\"efd1f2d\" data-element_type=\"container\" data-e-type=\"container\">\n\t\t\t\t\t<div class=\"e-con-inner\">\n\t\t<div class=\"elementor-element elementor-element-00a062f e-con-full e-flex e-con e-child\" data-id=\"00a062f\" data-element_type=\"container\" data-e-type=\"container\">\n\t\t\t\t<div class=\"elementor-element elementor-element-b27d722 elementor-widget elementor-widget-text-editor\" data-id=\"b27d722\" data-element_type=\"widget\" data-e-type=\"widget\" data-widget_type=\"text-editor.default\">\n\t\t\t\t\t\t\t\t\t<p>Bei Hacienda Ortigosa sind wir stolz darauf, die Anerkennungen zu teilen, die unser natives Oliven\u00f6l extra<br>100 % Arbequina in den letzten Jahren erhalten hat. Diese Auszeichnungen spiegeln unser<br>Engagement f\u00fcr Qualit\u00e4t, Tradition und Exzellenz in jeder Flasche wider und festigen unser<br>AOVE als Referenz f\u00fcr Geschmack und Authentizit\u00e4t in der Branche. <\/p>\t\t\t\t\t\t\t\t<\/div>\n\t\t\t\t<\/div>\n\t\t<div class=\"elementor-element elementor-element-ec6da40 e-con-full e-flex e-con e-child\" data-id=\"ec6da40\" data-element_type=\"container\" data-e-type=\"container\" data-settings=\"{&quot;background_background&quot;:&quot;classic&quot;}\">\n\t\t\t\t<div class=\"elementor-element elementor-element-96a1faa elementor-widget elementor-widget-image\" data-id=\"96a1faa\" data-element_type=\"widget\" data-e-type=\"widget\" data-widget_type=\"image.default\">\n\t\t\t\t\t\t\t\t\t\t\t\t\t\t\t<img fetchpriority=\"high\" decoding=\"async\" width=\"800\" height=\"305\" src=\"https:\/\/haciendaortigosa.com\/wp-content\/uploads\/2025\/12\/el-trujal-hacienda-ortigosa-1.jpg\" class=\"attachment-large size-large wp-image-1661\" alt=\"\" srcset=\"https:\/\/haciendaortigosa.com\/wp-content\/uploads\/2025\/12\/el-trujal-hacienda-ortigosa-1.jpg 990w, https:\/\/haciendaortigosa.com\/wp-content\/uploads\/2025\/12\/el-trujal-hacienda-ortigosa-1-300x114.jpg 300w, https:\/\/haciendaortigosa.com\/wp-content\/uploads\/2025\/12\/el-trujal-hacienda-ortigosa-1-768x292.jpg 768w, https:\/\/haciendaortigosa.com\/wp-content\/uploads\/2025\/12\/el-trujal-hacienda-ortigosa-1-600x228.jpg 600w\" sizes=\"(max-width: 800px) 100vw, 800px\" \/>\t\t\t\t\t\t\t\t\t\t\t\t\t\t\t<\/div>\n\t\t\t\t<\/div>\n\t\t\t\t\t<\/div>\n\t\t\t\t<\/div>\n\t\t<div class=\"elementor-element elementor-element-2907974 e-con-full e-flex e-con e-parent\" data-id=\"2907974\" data-element_type=\"container\" data-e-type=\"container\">\n\t\t<div class=\"elementor-element elementor-element-dcdeafa e-con-full e-flex e-con e-child\" data-id=\"dcdeafa\" data-element_type=\"container\" data-e-type=\"container\">\n\t\t\t\t<div class=\"elementor-element elementor-element-5ec304a elementor-widget elementor-widget-image\" data-id=\"5ec304a\" data-element_type=\"widget\" data-e-type=\"widget\" data-widget_type=\"image.default\">\n\t\t\t\t\t\t\t\t\t\t\t\t\t\t\t<img decoding=\"async\" width=\"200\" height=\"200\" src=\"https:\/\/haciendaortigosa.com\/wp-content\/uploads\/2025\/11\/London-iooc-silver-2023-200x200-1.png\" class=\"attachment-large size-large wp-image-1662\" alt=\"\" srcset=\"https:\/\/haciendaortigosa.com\/wp-content\/uploads\/2025\/11\/London-iooc-silver-2023-200x200-1.png 200w, https:\/\/haciendaortigosa.com\/wp-content\/uploads\/2025\/11\/London-iooc-silver-2023-200x200-1-150x150.png 150w, https:\/\/haciendaortigosa.com\/wp-content\/uploads\/2025\/11\/London-iooc-silver-2023-200x200-1-100x100.png 100w\" sizes=\"(max-width: 200px) 100vw, 200px\" \/>\t\t\t\t\t\t\t\t\t\t\t\t\t\t\t<\/div>\n\t\t\t\t<\/div>\n\t\t<div class=\"elementor-element elementor-element-89fd5cf e-con-full e-flex e-con e-child\" data-id=\"89fd5cf\" data-element_type=\"container\" data-e-type=\"container\">\n\t\t\t\t<div class=\"elementor-element elementor-element-f2d5661 elementor-widget-mobile__width-initial elementor-widget elementor-widget-text-editor\" data-id=\"f2d5661\" data-element_type=\"widget\" data-e-type=\"widget\" data-widget_type=\"text-editor.default\">\n\t\t\t\t\t\t\t\t\t<p><strong>London International Olive Oil Competition 2023 \u2014 Silver Quality Award<br><\/strong>Dieser internationale Wettbewerb z\u00e4hlt weltweit zu den anerkanntesten und anspruchsvollsten in der Oliven\u00f6lbranche. Diese Auszeichnung best\u00e4tigt das hohe Qualit\u00e4ts- und Geschmacksniveau unseres AOVE im Vergleich zu einer breiten Auswahl erstklassiger Produkte. <\/p>\t\t\t\t\t\t\t\t<\/div>\n\t\t\t\t<\/div>\n\t\t\t\t<\/div>\n\t\t<div class=\"elementor-element elementor-element-4a1fdd5 e-con-full reverse-mobile e-flex e-con e-parent\" data-id=\"4a1fdd5\" data-element_type=\"container\" data-e-type=\"container\">\n\t\t<div class=\"elementor-element elementor-element-c08b71d e-con-full e-flex e-con e-child\" data-id=\"c08b71d\" data-element_type=\"container\" data-e-type=\"container\">\n\t\t\t\t<div class=\"elementor-element elementor-element-01132d7 elementor-widget-mobile__width-initial elementor-widget elementor-widget-text-editor\" data-id=\"01132d7\" data-element_type=\"widget\" data-e-type=\"widget\" data-widget_type=\"text-editor.default\">\n\t\t\t\t\t\t\t\t\t<p><strong>China International Olive Oil Competition 2024 \u2014 Gold Olive Light<\/strong><br>Dieser Wettbewerb ist der wichtigste AOVE-Wettbewerb in China. Er wurde konzipiert, um die besten \u00d6le gegen\u00fcber Verbrauchern, Importeuren und Medien hervorzuheben und den Konsum von nativem Oliven\u00f6l extra auf dem chinesischen Markt zu f\u00f6rdern.<\/p>\t\t\t\t\t\t\t\t<\/div>\n\t\t\t\t<\/div>\n\t\t<div class=\"elementor-element elementor-element-568c8ee e-con-full e-flex e-con e-child\" data-id=\"568c8ee\" data-element_type=\"container\" data-e-type=\"container\">\n\t\t\t\t<div class=\"elementor-element elementor-element-781c40c elementor-widget elementor-widget-image\" data-id=\"781c40c\" data-element_type=\"widget\" data-e-type=\"widget\" data-widget_type=\"image.default\">\n\t\t\t\t\t\t\t\t\t\t\t\t\t\t\t<img decoding=\"async\" width=\"200\" height=\"200\" src=\"https:\/\/haciendaortigosa.com\/wp-content\/uploads\/2025\/11\/London-iooc-silver-2023-200x200-1.png\" class=\"attachment-large size-large wp-image-1662\" alt=\"\" srcset=\"https:\/\/haciendaortigosa.com\/wp-content\/uploads\/2025\/11\/London-iooc-silver-2023-200x200-1.png 200w, https:\/\/haciendaortigosa.com\/wp-content\/uploads\/2025\/11\/London-iooc-silver-2023-200x200-1-150x150.png 150w, https:\/\/haciendaortigosa.com\/wp-content\/uploads\/2025\/11\/London-iooc-silver-2023-200x200-1-100x100.png 100w\" sizes=\"(max-width: 200px) 100vw, 200px\" \/>\t\t\t\t\t\t\t\t\t\t\t\t\t\t\t<\/div>\n\t\t\t\t<\/div>\n\t\t\t\t<\/div>\n\t\t<div class=\"elementor-element elementor-element-6844091 e-con-full e-flex e-con e-parent\" data-id=\"6844091\" data-element_type=\"container\" data-e-type=\"container\">\n\t\t<div class=\"elementor-element elementor-element-48048ac e-con-full e-flex e-con e-child\" data-id=\"48048ac\" data-element_type=\"container\" data-e-type=\"container\">\n\t\t\t\t<div class=\"elementor-element elementor-element-197e667 elementor-widget elementor-widget-image\" data-id=\"197e667\" data-element_type=\"widget\" data-e-type=\"widget\" data-widget_type=\"image.default\">\n\t\t\t\t\t\t\t\t\t\t\t\t\t\t\t<img decoding=\"async\" width=\"501\" height=\"501\" src=\"https:\/\/haciendaortigosa.com\/wp-content\/uploads\/2025\/11\/OJ2024_winner_silver_w500.png\" class=\"attachment-large size-large wp-image-1663\" alt=\"\" srcset=\"https:\/\/haciendaortigosa.com\/wp-content\/uploads\/2025\/11\/OJ2024_winner_silver_w500.png 501w, https:\/\/haciendaortigosa.com\/wp-content\/uploads\/2025\/11\/OJ2024_winner_silver_w500-300x300.png 300w, https:\/\/haciendaortigosa.com\/wp-content\/uploads\/2025\/11\/OJ2024_winner_silver_w500-150x150.png 150w, https:\/\/haciendaortigosa.com\/wp-content\/uploads\/2025\/11\/OJ2024_winner_silver_w500-100x100.png 100w\" sizes=\"(max-width: 501px) 100vw, 501px\" \/>\t\t\t\t\t\t\t\t\t\t\t\t\t\t\t<\/div>\n\t\t\t\t<\/div>\n\t\t<div class=\"elementor-element elementor-element-f0cd894 e-con-full e-flex e-con e-child\" data-id=\"f0cd894\" data-element_type=\"container\" data-e-type=\"container\">\n\t\t\t\t<div class=\"elementor-element elementor-element-604e671 elementor-widget-mobile__width-initial elementor-widget elementor-widget-text-editor\" data-id=\"604e671\" data-element_type=\"widget\" data-e-type=\"widget\" data-widget_type=\"text-editor.default\">\n\t\t\t\t\t\t\t\t\t<p><strong>Olive Japan International Extra Virgin Olive Oil<\/strong><br><strong>Competition 2024 \u2014 Silver Medal Award<\/strong><br>Dieser Wettbewerb z\u00e4hlt zu den prestigetr\u00e4chtigsten und anspruchsvollsten der<br>Welt im Bereich des nativen Oliven\u00f6ls extra und ist der gr\u00f6\u00dfte<br>Wettbewerb dieser Art in Asien und Ozeanien. Eine Silbermedaille bei<br>Olive Japan ist eine Anerkennung f\u00fcr die Ausgewogenheit, sensorische<br>Qualit\u00e4t und Exzellenz unseres AOVE gegen\u00fcber einer breiten und<br>wettbewerbsstarken Auswahl internationaler Produkte. <\/p>\t\t\t\t\t\t\t\t<\/div>\n\t\t\t\t<\/div>\n\t\t\t\t<\/div>\n\t\t<div class=\"elementor-element elementor-element-b671e8b e-con-full reverse-mobile e-flex e-con e-parent\" data-id=\"b671e8b\" data-element_type=\"container\" data-e-type=\"container\">\n\t\t<div class=\"elementor-element elementor-element-812d79f e-con-full e-flex e-con e-child\" data-id=\"812d79f\" data-element_type=\"container\" data-e-type=\"container\">\n\t\t\t\t<div class=\"elementor-element elementor-element-47bfc0e elementor-widget-mobile__width-initial elementor-widget elementor-widget-text-editor\" data-id=\"47bfc0e\" data-element_type=\"widget\" data-e-type=\"widget\" data-widget_type=\"text-editor.default\">\n\t\t\t\t\t\t\t\t\t<p><strong>Berlin Global Olive Oil Awards 2024 \u2014 Silver Quality Award<\/strong><br>Dieser Wettbewerb z\u00e4hlt zu den bekanntesten und<br>angesehensten internationalen Wettbewerben der Oliven\u00f6lbranche und wird f\u00fcr sein strenges<br>Blindverkostungsverfahren gesch\u00e4tzt, das von einem Panel aus Experten und<br>Lebensmittelwissenschaftlern durchgef\u00fchrt wird. Eine Auszeichnung bei den Berlin GOOA ist ein Exzellenzsiegel,<br>das pr\u00e4mierten Marken hilft, sich auf globalen M\u00e4rkten hervorzuheben,<br>und ihre Sichtbarkeit sowie Glaubw\u00fcrdigkeit bei K\u00e4ufern, Importeuren und<br>Verbrauchern weltweit st\u00e4rkt. <\/p>\t\t\t\t\t\t\t\t<\/div>\n\t\t\t\t<\/div>\n\t\t<div class=\"elementor-element elementor-element-38af85f e-con-full e-flex e-con e-child\" data-id=\"38af85f\" data-element_type=\"container\" data-e-type=\"container\">\n\t\t\t\t<div class=\"elementor-element elementor-element-d32df95 elementor-widget elementor-widget-image\" data-id=\"d32df95\" data-element_type=\"widget\" data-e-type=\"widget\" data-widget_type=\"image.default\">\n\t\t\t\t\t\t\t\t\t\t\t\t\t\t\t<img loading=\"lazy\" decoding=\"async\" width=\"284\" height=\"284\" src=\"https:\/\/haciendaortigosa.com\/wp-content\/uploads\/2025\/11\/berlinAwardSilver_quality-2024.png\" class=\"attachment-large size-large wp-image-1664\" alt=\"\" srcset=\"https:\/\/haciendaortigosa.com\/wp-content\/uploads\/2025\/11\/berlinAwardSilver_quality-2024.png 284w, https:\/\/haciendaortigosa.com\/wp-content\/uploads\/2025\/11\/berlinAwardSilver_quality-2024-150x150.png 150w, https:\/\/haciendaortigosa.com\/wp-content\/uploads\/2025\/11\/berlinAwardSilver_quality-2024-100x100.png 100w\" sizes=\"(max-width: 284px) 100vw, 284px\" \/>\t\t\t\t\t\t\t\t\t\t\t\t\t\t\t<\/div>\n\t\t\t\t<\/div>\n\t\t\t\t<\/div>\n\t\t<div class=\"elementor-element elementor-element-1505194 e-con-full e-flex e-con e-parent\" data-id=\"1505194\" data-element_type=\"container\" data-e-type=\"container\">\n\t\t<div class=\"elementor-element elementor-element-3090c7a e-con-full e-flex e-con e-child\" data-id=\"3090c7a\" data-element_type=\"container\" data-e-type=\"container\">\n\t\t\t\t<div class=\"elementor-element elementor-element-8e45235 elementor-widget elementor-widget-image\" data-id=\"8e45235\" data-element_type=\"widget\" data-e-type=\"widget\" data-widget_type=\"image.default\">\n\t\t\t\t\t\t\t\t\t\t\t\t\t\t\t<img loading=\"lazy\" decoding=\"async\" width=\"800\" height=\"821\" src=\"https:\/\/haciendaortigosa.com\/wp-content\/uploads\/2025\/11\/CIOOC-2024-Silver-Quality-998x1024.png\" class=\"attachment-large size-large wp-image-1665\" alt=\"\" srcset=\"https:\/\/haciendaortigosa.com\/wp-content\/uploads\/2025\/11\/CIOOC-2024-Silver-Quality-998x1024.png 998w, https:\/\/haciendaortigosa.com\/wp-content\/uploads\/2025\/11\/CIOOC-2024-Silver-Quality-292x300.png 292w, https:\/\/haciendaortigosa.com\/wp-content\/uploads\/2025\/11\/CIOOC-2024-Silver-Quality-768x788.png 768w, https:\/\/haciendaortigosa.com\/wp-content\/uploads\/2025\/11\/CIOOC-2024-Silver-Quality-600x616.png 600w, https:\/\/haciendaortigosa.com\/wp-content\/uploads\/2025\/11\/CIOOC-2024-Silver-Quality.png 1181w\" sizes=\"(max-width: 800px) 100vw, 800px\" \/>\t\t\t\t\t\t\t\t\t\t\t\t\t\t\t<\/div>\n\t\t\t\t<\/div>\n\t\t<div class=\"elementor-element elementor-element-152be15 e-con-full e-flex e-con e-child\" data-id=\"152be15\" data-element_type=\"container\" data-e-type=\"container\">\n\t\t\t\t<div class=\"elementor-element elementor-element-d1202a9 elementor-widget-mobile__width-initial elementor-widget elementor-widget-text-editor\" data-id=\"d1202a9\" data-element_type=\"widget\" data-e-type=\"widget\" data-widget_type=\"text-editor.default\">\n\t\t\t\t\t\t\t\t\t<p><strong>Canada International Olive Oil Competition 2024 \u2014 Silver Quality Award<\/strong><br>Die in diesem Wettbewerb vergebenen Auszeichnungen helfen den<br>pr\u00e4mierten Marken, ihre Glaubw\u00fcrdigkeit und Sichtbarkeit auf dem<br>nordamerikanischen und internationalen Markt zu steigern und ihr Engagement f\u00fcr<br>Qualit\u00e4t gegen\u00fcber Verbrauchern, Importeuren und Fachleuten der<br>Branche hervorzuheben.<\/p>\t\t\t\t\t\t\t\t<\/div>\n\t\t\t\t<\/div>\n\t\t\t\t<\/div>\n\t\t<div class=\"elementor-element elementor-element-180b75d e-con-full reverse-mobile e-flex e-con e-parent\" data-id=\"180b75d\" data-element_type=\"container\" data-e-type=\"container\">\n\t\t<div class=\"elementor-element elementor-element-af2a0df e-con-full e-flex e-con e-child\" data-id=\"af2a0df\" data-element_type=\"container\" data-e-type=\"container\">\n\t\t\t\t<div class=\"elementor-element elementor-element-7878539 elementor-widget-mobile__width-initial elementor-widget elementor-widget-text-editor\" data-id=\"7878539\" data-element_type=\"widget\" data-e-type=\"widget\" data-widget_type=\"text-editor.default\">\n\t\t\t\t\t\t\t\t\t<p><strong>TerraOlivo Mediterranean International Olive Oil Competition 2024<\/strong><br><strong>\u2014 Prestige Gold<\/strong><br>Dieser Wettbewerb z\u00e4hlt zu den wichtigsten der<br>Welt und ist insbesondere im Mittelmeerraum und in<br>Asien f\u00fcr sein hohes Anspruchsniveau und seinen globalen Ruf bekannt. Eine Auszeichnung bei TerraOlivo w\u00fcrdigt<br>die Qualit\u00e4t, Ausgewogenheit und organoleptische Exzellenz<br>unseres AOVE gegen\u00fcber einer gro\u00dfen internationalen Beteiligung<br>hochwertiger Oliven\u00f6le. <\/p>\t\t\t\t\t\t\t\t<\/div>\n\t\t\t\t<\/div>\n\t\t<div class=\"elementor-element elementor-element-b00218c e-con-full e-flex e-con e-child\" data-id=\"b00218c\" data-element_type=\"container\" data-e-type=\"container\">\n\t\t\t\t<div class=\"elementor-element elementor-element-4aa4210 elementor-widget elementor-widget-image\" data-id=\"4aa4210\" data-element_type=\"widget\" data-e-type=\"widget\" data-widget_type=\"image.default\">\n\t\t\t\t\t\t\t\t\t\t\t\t\t\t\t<img loading=\"lazy\" decoding=\"async\" width=\"354\" height=\"354\" src=\"https:\/\/haciendaortigosa.com\/wp-content\/uploads\/2025\/11\/TERRAOLIVO-2024-Prestige-Gold.jpg\" class=\"attachment-large size-large wp-image-1666\" alt=\"\" srcset=\"https:\/\/haciendaortigosa.com\/wp-content\/uploads\/2025\/11\/TERRAOLIVO-2024-Prestige-Gold.jpg 354w, https:\/\/haciendaortigosa.com\/wp-content\/uploads\/2025\/11\/TERRAOLIVO-2024-Prestige-Gold-300x300.jpg 300w, https:\/\/haciendaortigosa.com\/wp-content\/uploads\/2025\/11\/TERRAOLIVO-2024-Prestige-Gold-150x150.jpg 150w, https:\/\/haciendaortigosa.com\/wp-content\/uploads\/2025\/11\/TERRAOLIVO-2024-Prestige-Gold-100x100.jpg 100w\" sizes=\"(max-width: 354px) 100vw, 354px\" \/>\t\t\t\t\t\t\t\t\t\t\t\t\t\t\t<\/div>\n\t\t\t\t<\/div>\n\t\t\t\t<\/div>\n\t\t\t\t<\/div>\n\t\t","protected":false},"excerpt":{"rendered":"<p>Bei Hacienda Ortigosa sind wir stolz darauf, die Anerkennungen zu teilen, die unser natives Oliven\u00f6l extra100 % Arbequina in den letzten Jahren erhalten hat. Diese Auszeichnungen spiegeln unserEngagement f\u00fcr Qualit\u00e4t, Tradition und Exzellenz in jeder Flasche wider und festigen unserAOVE als Referenz f\u00fcr Geschmack und Authentizit\u00e4t in der Branche. London International Olive Oil Competition 2023 [&hellip;]<\/p>\n","protected":false},"author":3,"featured_media":0,"parent":0,"menu_order":0,"comment_status":"closed","ping_status":"closed","template":"","meta":{"_acf_changed":false,"footnotes":""},"class_list":["post-1660","page","type-page","status-publish","hentry"],"acf":[],"_links":{"self":[{"href":"https:\/\/haciendaortigosa.com\/de\/wp-json\/wp\/v2\/pages\/1660","targetHints":{"allow":["GET"]}}],"collection":[{"href":"https:\/\/haciendaortigosa.com\/de\/wp-json\/wp\/v2\/pages"}],"about":[{"href":"https:\/\/haciendaortigosa.com\/de\/wp-json\/wp\/v2\/types\/page"}],"author":[{"embeddable":true,"href":"https:\/\/haciendaortigosa.com\/de\/wp-json\/wp\/v2\/users\/3"}],"replies":[{"embeddable":true,"href":"https:\/\/haciendaortigosa.com\/de\/wp-json\/wp\/v2\/comments?post=1660"}],"version-history":[{"count":1,"href":"https:\/\/haciendaortigosa.com\/de\/wp-json\/wp\/v2\/pages\/1660\/revisions"}],"predecessor-version":[{"id":1667,"href":"https:\/\/haciendaortigosa.com\/de\/wp-json\/wp\/v2\/pages\/1660\/revisions\/1667"}],"wp:attachment":[{"href":"https:\/\/haciendaortigosa.com\/de\/wp-json\/wp\/v2\/media?parent=1660"}],"curies":[{"name":"wp","href":"https:\/\/api.w.org\/{rel}","templated":true}]}}