{"id":1974,"date":"2026-02-11T09:16:45","date_gmt":"2026-02-11T09:16:45","guid":{"rendered":"https:\/\/haciendaortigosa.com\/product\/natives-olivenoel-extra-%c2%b7-80-arbequina-und-20-arroniz-%c2%b7-geschenkbox-1-x-05-l\/"},"modified":"2026-02-11T09:16:45","modified_gmt":"2026-02-11T09:16:45","slug":"natives-olivenoel-extra-%c2%b7-80-arbequina-und-20-arroniz-%c2%b7-geschenkbox-1-x-05-l","status":"publish","type":"product","link":"https:\/\/haciendaortigosa.com\/de\/product\/natives-olivenoel-extra-%c2%b7-80-arbequina-und-20-arroniz-%c2%b7-geschenkbox-1-x-05-l\/","title":{"rendered":"Natives Oliven\u00f6l Extra \u00b7 80% Arbequina und 20% Arr\u00f3niz \u00b7 Geschenkbox 1 \u00d7 0,5 l"},"content":{"rendered":"<p>Natives Oliven\u00f6l Extra Cuv\u00e9e, Sorte Arbequina 80% und Sorte Arr\u00f3niz 20%,<\/p>\n<p>Valle de Cod\u00e9s.<\/p>\n","protected":false},"excerpt":{"rendered":"<p>Natives Oliven\u00f6l Extra Cuv\u00e9e, Sorte Arbequina 80% und Sorte Arr\u00f3niz 20%, Valle de Cod\u00e9s.<\/p>\n","protected":false},"featured_media":1418,"comment_status":"open","ping_status":"closed","template":"","meta":{"_acf_changed":false},"product_brand":[],"product_cat":[79,73],"product_tag":[81,80],"class_list":{"0":"post-1974","1":"product","2":"type-product","3":"status-publish","4":"has-post-thumbnail","6":"product_cat-80-arbequina-und-20-arroniz","7":"product_cat-natives-olivenol-extra","8":"product_tag-glasflasche","9":"product_tag-mischung","11":"first","12":"instock","13":"shipping-taxable","14":"purchasable","15":"product-type-simple"},"acf":[],"_links":{"self":[{"href":"https:\/\/haciendaortigosa.com\/de\/wp-json\/wp\/v2\/product\/1974","targetHints":{"allow":["GET"]}}],"collection":[{"href":"https:\/\/haciendaortigosa.com\/de\/wp-json\/wp\/v2\/product"}],"about":[{"href":"https:\/\/haciendaortigosa.com\/de\/wp-json\/wp\/v2\/types\/product"}],"replies":[{"embeddable":true,"href":"https:\/\/haciendaortigosa.com\/de\/wp-json\/wp\/v2\/comments?post=1974"}],"wp:featuredmedia":[{"embeddable":true,"href":"https:\/\/haciendaortigosa.com\/de\/wp-json\/wp\/v2\/media\/1418"}],"wp:attachment":[{"href":"https:\/\/haciendaortigosa.com\/de\/wp-json\/wp\/v2\/media?parent=1974"}],"wp:term":[{"taxonomy":"product_brand","embeddable":true,"href":"https:\/\/haciendaortigosa.com\/de\/wp-json\/wp\/v2\/product_brand?post=1974"},{"taxonomy":"product_cat","embeddable":true,"href":"https:\/\/haciendaortigosa.com\/de\/wp-json\/wp\/v2\/product_cat?post=1974"},{"taxonomy":"product_tag","embeddable":true,"href":"https:\/\/haciendaortigosa.com\/de\/wp-json\/wp\/v2\/product_tag?post=1974"}],"curies":[{"name":"wp","href":"https:\/\/api.w.org\/{rel}","templated":true}]}}