{"id":1640,"date":"2026-01-19T17:01:22","date_gmt":"2026-01-19T17:01:22","guid":{"rendered":"https:\/\/haciendaortigosa.com\/prix\/"},"modified":"2026-04-28T13:20:51","modified_gmt":"2026-04-28T13:20:51","slug":"prix","status":"publish","type":"page","link":"https:\/\/haciendaortigosa.com\/fr\/prix\/","title":{"rendered":"Prix"},"content":{"rendered":"\t\t<div data-elementor-type=\"wp-page\" data-elementor-id=\"1640\" class=\"elementor elementor-1640 elementor-1179\" data-elementor-post-type=\"page\">\n\t\t\t\t<div class=\"elementor-element elementor-element-efd1f2d e-flex e-con-boxed e-con e-parent\" data-id=\"efd1f2d\" data-element_type=\"container\" data-e-type=\"container\">\n\t\t\t\t\t<div class=\"e-con-inner\">\n\t\t<div class=\"elementor-element elementor-element-00a062f e-con-full e-flex e-con e-child\" data-id=\"00a062f\" data-element_type=\"container\" data-e-type=\"container\">\n\t\t\t\t<div class=\"elementor-element elementor-element-b27d722 elementor-widget elementor-widget-text-editor\" data-id=\"b27d722\" data-element_type=\"widget\" data-e-type=\"widget\" data-widget_type=\"text-editor.default\">\n\t\t\t\t\t\t\t\t\t<p>Chez Hacienda Ortigosa, nous sommes fiers de partager les distinctions que notre huile d\u2019olive<br>vierge extra 100 % Arbequina a re\u00e7ues ces derni\u00e8res ann\u00e9es. Ces prix refl\u00e8tent notre<br>engagement envers la qualit\u00e9, la tradition et l\u2019excellence dans chaque bouteille, consolidant notre<br>HOVE comme une r\u00e9f\u00e9rence de saveur et d\u2019authenticit\u00e9 dans le secteur.<\/p>\t\t\t\t\t\t\t\t<\/div>\n\t\t\t\t<\/div>\n\t\t<div class=\"elementor-element elementor-element-ec6da40 e-con-full e-flex e-con e-child\" data-id=\"ec6da40\" data-element_type=\"container\" data-e-type=\"container\" data-settings=\"{&quot;background_background&quot;:&quot;classic&quot;}\">\n\t\t\t\t<div class=\"elementor-element elementor-element-96a1faa elementor-widget elementor-widget-image\" data-id=\"96a1faa\" data-element_type=\"widget\" data-e-type=\"widget\" data-widget_type=\"image.default\">\n\t\t\t\t\t\t\t\t\t\t\t\t\t\t\t<img fetchpriority=\"high\" decoding=\"async\" width=\"800\" height=\"305\" src=\"https:\/\/haciendaortigosa.com\/wp-content\/uploads\/2025\/12\/el-trujal-hacienda-ortigosa-1.jpg\" class=\"attachment-large size-large wp-image-1641\" alt=\"\" srcset=\"https:\/\/haciendaortigosa.com\/wp-content\/uploads\/2025\/12\/el-trujal-hacienda-ortigosa-1.jpg 990w, https:\/\/haciendaortigosa.com\/wp-content\/uploads\/2025\/12\/el-trujal-hacienda-ortigosa-1-300x114.jpg 300w, https:\/\/haciendaortigosa.com\/wp-content\/uploads\/2025\/12\/el-trujal-hacienda-ortigosa-1-768x292.jpg 768w, https:\/\/haciendaortigosa.com\/wp-content\/uploads\/2025\/12\/el-trujal-hacienda-ortigosa-1-600x228.jpg 600w\" sizes=\"(max-width: 800px) 100vw, 800px\" \/>\t\t\t\t\t\t\t\t\t\t\t\t\t\t\t<\/div>\n\t\t\t\t<\/div>\n\t\t\t\t\t<\/div>\n\t\t\t\t<\/div>\n\t\t<div class=\"elementor-element elementor-element-2907974 e-con-full e-flex e-con e-parent\" data-id=\"2907974\" data-element_type=\"container\" data-e-type=\"container\">\n\t\t<div class=\"elementor-element elementor-element-dcdeafa e-con-full e-flex e-con e-child\" data-id=\"dcdeafa\" data-element_type=\"container\" data-e-type=\"container\">\n\t\t\t\t<div class=\"elementor-element elementor-element-5ec304a elementor-widget elementor-widget-image\" data-id=\"5ec304a\" data-element_type=\"widget\" data-e-type=\"widget\" data-widget_type=\"image.default\">\n\t\t\t\t\t\t\t\t\t\t\t\t\t\t\t<img decoding=\"async\" width=\"200\" height=\"200\" src=\"https:\/\/haciendaortigosa.com\/wp-content\/uploads\/2025\/11\/London-iooc-silver-2023-200x200-1.png\" class=\"attachment-large size-large wp-image-1642\" alt=\"\" srcset=\"https:\/\/haciendaortigosa.com\/wp-content\/uploads\/2025\/11\/London-iooc-silver-2023-200x200-1.png 200w, https:\/\/haciendaortigosa.com\/wp-content\/uploads\/2025\/11\/London-iooc-silver-2023-200x200-1-150x150.png 150w, https:\/\/haciendaortigosa.com\/wp-content\/uploads\/2025\/11\/London-iooc-silver-2023-200x200-1-100x100.png 100w\" sizes=\"(max-width: 200px) 100vw, 200px\" \/>\t\t\t\t\t\t\t\t\t\t\t\t\t\t\t<\/div>\n\t\t\t\t<\/div>\n\t\t<div class=\"elementor-element elementor-element-89fd5cf e-con-full e-flex e-con e-child\" data-id=\"89fd5cf\" data-element_type=\"container\" data-e-type=\"container\">\n\t\t\t\t<div class=\"elementor-element elementor-element-f2d5661 elementor-widget-mobile__width-initial elementor-widget elementor-widget-text-editor\" data-id=\"f2d5661\" data-element_type=\"widget\" data-e-type=\"widget\" data-widget_type=\"text-editor.default\">\n\t\t\t\t\t\t\t\t\t<p><strong>London International Olive Oil Competition 2023 \u2014 Silver Quality Award<br><\/strong>Ce concours international est l\u2019un des plus reconnus et des plus exigeants du secteur de l\u2019huile d\u2019olive au niveau mondial. L\u2019obtention de cette distinction confirme le haut niveau de qualit\u00e9 et de saveur de notre HOVE face \u00e0 une large s\u00e9lection de produits de premier plan.<\/p>\t\t\t\t\t\t\t\t<\/div>\n\t\t\t\t<\/div>\n\t\t\t\t<\/div>\n\t\t<div class=\"elementor-element elementor-element-4a1fdd5 e-con-full reverse-mobile e-flex e-con e-parent\" data-id=\"4a1fdd5\" data-element_type=\"container\" data-e-type=\"container\">\n\t\t<div class=\"elementor-element elementor-element-c08b71d e-con-full e-flex e-con e-child\" data-id=\"c08b71d\" data-element_type=\"container\" data-e-type=\"container\">\n\t\t\t\t<div class=\"elementor-element elementor-element-01132d7 elementor-widget-mobile__width-initial elementor-widget elementor-widget-text-editor\" data-id=\"01132d7\" data-element_type=\"widget\" data-e-type=\"widget\" data-widget_type=\"text-editor.default\">\n\t\t\t\t\t\t\t\t\t<p><strong>China International Olive Oil Competition 2024 \u2014 Gold Olive Light<\/strong><br>Ce concours est le principal \u00e9v\u00e9nement d\u00e9di\u00e9 \u00e0 l\u2019HOVE en Chine, con\u00e7u pour mettre en avant les meilleures huiles aupr\u00e8s des consommateurs, des importateurs et des m\u00e9dias, et pour promouvoir la consommation d\u2019huile d\u2019olive vierge extra sur le march\u00e9 chinois.<\/p>\t\t\t\t\t\t\t\t<\/div>\n\t\t\t\t<\/div>\n\t\t<div class=\"elementor-element elementor-element-568c8ee e-con-full e-flex e-con e-child\" data-id=\"568c8ee\" data-element_type=\"container\" data-e-type=\"container\">\n\t\t\t\t<div class=\"elementor-element elementor-element-781c40c elementor-widget elementor-widget-image\" data-id=\"781c40c\" data-element_type=\"widget\" data-e-type=\"widget\" data-widget_type=\"image.default\">\n\t\t\t\t\t\t\t\t\t\t\t\t\t\t\t<img decoding=\"async\" width=\"200\" height=\"200\" src=\"https:\/\/haciendaortigosa.com\/wp-content\/uploads\/2025\/11\/London-iooc-silver-2023-200x200-1.png\" class=\"attachment-large size-large wp-image-1642\" alt=\"\" srcset=\"https:\/\/haciendaortigosa.com\/wp-content\/uploads\/2025\/11\/London-iooc-silver-2023-200x200-1.png 200w, https:\/\/haciendaortigosa.com\/wp-content\/uploads\/2025\/11\/London-iooc-silver-2023-200x200-1-150x150.png 150w, https:\/\/haciendaortigosa.com\/wp-content\/uploads\/2025\/11\/London-iooc-silver-2023-200x200-1-100x100.png 100w\" sizes=\"(max-width: 200px) 100vw, 200px\" \/>\t\t\t\t\t\t\t\t\t\t\t\t\t\t\t<\/div>\n\t\t\t\t<\/div>\n\t\t\t\t<\/div>\n\t\t<div class=\"elementor-element elementor-element-6844091 e-con-full e-flex e-con e-parent\" data-id=\"6844091\" data-element_type=\"container\" data-e-type=\"container\">\n\t\t<div class=\"elementor-element elementor-element-48048ac e-con-full e-flex e-con e-child\" data-id=\"48048ac\" data-element_type=\"container\" data-e-type=\"container\">\n\t\t\t\t<div class=\"elementor-element elementor-element-197e667 elementor-widget elementor-widget-image\" data-id=\"197e667\" data-element_type=\"widget\" data-e-type=\"widget\" data-widget_type=\"image.default\">\n\t\t\t\t\t\t\t\t\t\t\t\t\t\t\t<img decoding=\"async\" width=\"501\" height=\"501\" src=\"https:\/\/haciendaortigosa.com\/wp-content\/uploads\/2025\/11\/OJ2024_winner_silver_w500.png\" class=\"attachment-large size-large wp-image-1643\" alt=\"\" srcset=\"https:\/\/haciendaortigosa.com\/wp-content\/uploads\/2025\/11\/OJ2024_winner_silver_w500.png 501w, https:\/\/haciendaortigosa.com\/wp-content\/uploads\/2025\/11\/OJ2024_winner_silver_w500-300x300.png 300w, https:\/\/haciendaortigosa.com\/wp-content\/uploads\/2025\/11\/OJ2024_winner_silver_w500-150x150.png 150w, https:\/\/haciendaortigosa.com\/wp-content\/uploads\/2025\/11\/OJ2024_winner_silver_w500-100x100.png 100w\" sizes=\"(max-width: 501px) 100vw, 501px\" \/>\t\t\t\t\t\t\t\t\t\t\t\t\t\t\t<\/div>\n\t\t\t\t<\/div>\n\t\t<div class=\"elementor-element elementor-element-f0cd894 e-con-full e-flex e-con e-child\" data-id=\"f0cd894\" data-element_type=\"container\" data-e-type=\"container\">\n\t\t\t\t<div class=\"elementor-element elementor-element-604e671 elementor-widget-mobile__width-initial elementor-widget elementor-widget-text-editor\" data-id=\"604e671\" data-element_type=\"widget\" data-e-type=\"widget\" data-widget_type=\"text-editor.default\">\n\t\t\t\t\t\t\t\t\t<p><strong>Olive Japan International Extra Virgin Olive Oil<\/strong><br><strong>Competition 2024 \u2014 Silver Medal Award<\/strong><br>Cette comp\u00e9tition est l\u2019une des plus prestigieuses et des plus exigeantes au<br>monde dans le domaine de l\u2019huile d\u2019olive vierge extra, \u00e9tant le plus grand<br>concours de ce type en Asie et en Oc\u00e9anie. L\u2019obtention d\u2019une m\u00e9daille d\u2019argent<br>\u00e0 Olive Japan est une reconnaissance de l\u2019\u00e9quilibre, de la qualit\u00e9<br>sensorielle et de l\u2019excellence de notre HOVE face \u00e0 une s\u00e9lection<br>internationale large et comp\u00e9titive.<\/p>\t\t\t\t\t\t\t\t<\/div>\n\t\t\t\t<\/div>\n\t\t\t\t<\/div>\n\t\t<div class=\"elementor-element elementor-element-b671e8b e-con-full reverse-mobile e-flex e-con e-parent\" data-id=\"b671e8b\" data-element_type=\"container\" data-e-type=\"container\">\n\t\t<div class=\"elementor-element elementor-element-812d79f e-con-full e-flex e-con e-child\" data-id=\"812d79f\" data-element_type=\"container\" data-e-type=\"container\">\n\t\t\t\t<div class=\"elementor-element elementor-element-47bfc0e elementor-widget-mobile__width-initial elementor-widget elementor-widget-text-editor\" data-id=\"47bfc0e\" data-element_type=\"widget\" data-e-type=\"widget\" data-widget_type=\"text-editor.default\">\n\t\t\t\t\t\t\t\t\t<p><strong>Berlin Global Olive Oil Awards 2024 \u2014 Silver Quality Award<\/strong><br>Ce concours est l\u2019un des \u00e9v\u00e9nements internationaux les plus reconnus et<br>respect\u00e9s du secteur de l\u2019huile d\u2019olive, appr\u00e9ci\u00e9 pour son processus rigoureux<br>de d\u00e9gustation \u00e0 l\u2019aveugle r\u00e9alis\u00e9 par un panel d\u2019experts et de scientifiques<br>en alimentation. Une distinction au Berlin GOOA est un gage d\u2019excellence<br>qui aide les marques prim\u00e9es \u00e0 se d\u00e9marquer sur les march\u00e9s mondiaux,<br>en renfor\u00e7ant leur visibilit\u00e9 et leur cr\u00e9dibilit\u00e9 aupr\u00e8s des acheteurs, des importateurs et des<br>consommateurs du monde entier.<\/p>\t\t\t\t\t\t\t\t<\/div>\n\t\t\t\t<\/div>\n\t\t<div class=\"elementor-element elementor-element-38af85f e-con-full e-flex e-con e-child\" data-id=\"38af85f\" data-element_type=\"container\" data-e-type=\"container\">\n\t\t\t\t<div class=\"elementor-element elementor-element-d32df95 elementor-widget elementor-widget-image\" data-id=\"d32df95\" data-element_type=\"widget\" data-e-type=\"widget\" data-widget_type=\"image.default\">\n\t\t\t\t\t\t\t\t\t\t\t\t\t\t\t<img loading=\"lazy\" decoding=\"async\" width=\"284\" height=\"284\" src=\"https:\/\/haciendaortigosa.com\/wp-content\/uploads\/2025\/11\/berlinAwardSilver_quality-2024.png\" class=\"attachment-large size-large wp-image-1644\" alt=\"\" srcset=\"https:\/\/haciendaortigosa.com\/wp-content\/uploads\/2025\/11\/berlinAwardSilver_quality-2024.png 284w, https:\/\/haciendaortigosa.com\/wp-content\/uploads\/2025\/11\/berlinAwardSilver_quality-2024-150x150.png 150w, https:\/\/haciendaortigosa.com\/wp-content\/uploads\/2025\/11\/berlinAwardSilver_quality-2024-100x100.png 100w\" sizes=\"(max-width: 284px) 100vw, 284px\" \/>\t\t\t\t\t\t\t\t\t\t\t\t\t\t\t<\/div>\n\t\t\t\t<\/div>\n\t\t\t\t<\/div>\n\t\t<div class=\"elementor-element elementor-element-1505194 e-con-full e-flex e-con e-parent\" data-id=\"1505194\" data-element_type=\"container\" data-e-type=\"container\">\n\t\t<div class=\"elementor-element elementor-element-3090c7a e-con-full e-flex e-con e-child\" data-id=\"3090c7a\" data-element_type=\"container\" data-e-type=\"container\">\n\t\t\t\t<div class=\"elementor-element elementor-element-8e45235 elementor-widget elementor-widget-image\" data-id=\"8e45235\" data-element_type=\"widget\" data-e-type=\"widget\" data-widget_type=\"image.default\">\n\t\t\t\t\t\t\t\t\t\t\t\t\t\t\t<img loading=\"lazy\" decoding=\"async\" width=\"800\" height=\"821\" src=\"https:\/\/haciendaortigosa.com\/wp-content\/uploads\/2025\/11\/CIOOC-2024-Silver-Quality-998x1024.png\" class=\"attachment-large size-large wp-image-1645\" alt=\"\" srcset=\"https:\/\/haciendaortigosa.com\/wp-content\/uploads\/2025\/11\/CIOOC-2024-Silver-Quality-998x1024.png 998w, https:\/\/haciendaortigosa.com\/wp-content\/uploads\/2025\/11\/CIOOC-2024-Silver-Quality-292x300.png 292w, https:\/\/haciendaortigosa.com\/wp-content\/uploads\/2025\/11\/CIOOC-2024-Silver-Quality-768x788.png 768w, https:\/\/haciendaortigosa.com\/wp-content\/uploads\/2025\/11\/CIOOC-2024-Silver-Quality-600x616.png 600w, https:\/\/haciendaortigosa.com\/wp-content\/uploads\/2025\/11\/CIOOC-2024-Silver-Quality.png 1181w\" sizes=\"(max-width: 800px) 100vw, 800px\" \/>\t\t\t\t\t\t\t\t\t\t\t\t\t\t\t<\/div>\n\t\t\t\t<\/div>\n\t\t<div class=\"elementor-element elementor-element-152be15 e-con-full e-flex e-con e-child\" data-id=\"152be15\" data-element_type=\"container\" data-e-type=\"container\">\n\t\t\t\t<div class=\"elementor-element elementor-element-d1202a9 elementor-widget-mobile__width-initial elementor-widget elementor-widget-text-editor\" data-id=\"d1202a9\" data-element_type=\"widget\" data-e-type=\"widget\" data-widget_type=\"text-editor.default\">\n\t\t\t\t\t\t\t\t\t<p><strong>Canada International Olive Oil Competition 2024 \u2014 Silver Quality Award<\/strong><br>Les prix d\u00e9cern\u00e9s lors de ce concours aident les marques<br>distingu\u00e9es \u00e0 accro\u00eetre leur cr\u00e9dibilit\u00e9 et leur visibilit\u00e9 sur le march\u00e9<br>nord-am\u00e9ricain et international, en soulignant leur engagement envers la<br>qualit\u00e9 aupr\u00e8s des consommateurs, des importateurs et des professionnels du<br>secteur.<\/p>\t\t\t\t\t\t\t\t<\/div>\n\t\t\t\t<\/div>\n\t\t\t\t<\/div>\n\t\t<div class=\"elementor-element elementor-element-180b75d e-con-full reverse-mobile e-flex e-con e-parent\" data-id=\"180b75d\" data-element_type=\"container\" data-e-type=\"container\">\n\t\t<div class=\"elementor-element elementor-element-af2a0df e-con-full e-flex e-con e-child\" data-id=\"af2a0df\" data-element_type=\"container\" data-e-type=\"container\">\n\t\t\t\t<div class=\"elementor-element elementor-element-7878539 elementor-widget-mobile__width-initial elementor-widget elementor-widget-text-editor\" data-id=\"7878539\" data-element_type=\"widget\" data-e-type=\"widget\" data-widget_type=\"text-editor.default\">\n\t\t\t\t\t\t\t\t\t<p><strong>TerraOlivo Mediterranean International Olive Oil Competition 2024<\/strong><br><strong>\u2014 Prestige Gold<\/strong><br>Ce concours est class\u00e9 parmi les plus importants au<br>monde et est particuli\u00e8rement reconnu dans la r\u00e9gion m\u00e9diterran\u00e9enne et en<br>Asie pour son haut niveau d\u2019exigence et sa r\u00e9putation mondiale. Recevoir un<br>prix \u00e0 Terraolivo reconna\u00eet la qualit\u00e9, l\u2019\u00e9quilibre et l\u2019excellence<br>organoleptique de notre HOVE face \u00e0 une importante participation<br>internationale d\u2019huiles d\u2019olive de haute qualit\u00e9.<\/p>\t\t\t\t\t\t\t\t<\/div>\n\t\t\t\t<\/div>\n\t\t<div class=\"elementor-element elementor-element-b00218c e-con-full e-flex e-con e-child\" data-id=\"b00218c\" data-element_type=\"container\" data-e-type=\"container\">\n\t\t\t\t<div class=\"elementor-element elementor-element-4aa4210 elementor-widget elementor-widget-image\" data-id=\"4aa4210\" data-element_type=\"widget\" data-e-type=\"widget\" data-widget_type=\"image.default\">\n\t\t\t\t\t\t\t\t\t\t\t\t\t\t\t<img loading=\"lazy\" decoding=\"async\" width=\"354\" height=\"354\" src=\"https:\/\/haciendaortigosa.com\/wp-content\/uploads\/2025\/11\/TERRAOLIVO-2024-Prestige-Gold.jpg\" class=\"attachment-large size-large wp-image-1646\" alt=\"\" srcset=\"https:\/\/haciendaortigosa.com\/wp-content\/uploads\/2025\/11\/TERRAOLIVO-2024-Prestige-Gold.jpg 354w, https:\/\/haciendaortigosa.com\/wp-content\/uploads\/2025\/11\/TERRAOLIVO-2024-Prestige-Gold-300x300.jpg 300w, https:\/\/haciendaortigosa.com\/wp-content\/uploads\/2025\/11\/TERRAOLIVO-2024-Prestige-Gold-150x150.jpg 150w, https:\/\/haciendaortigosa.com\/wp-content\/uploads\/2025\/11\/TERRAOLIVO-2024-Prestige-Gold-100x100.jpg 100w\" sizes=\"(max-width: 354px) 100vw, 354px\" \/>\t\t\t\t\t\t\t\t\t\t\t\t\t\t\t<\/div>\n\t\t\t\t<\/div>\n\t\t\t\t<\/div>\n\t\t\t\t<\/div>\n\t\t","protected":false},"excerpt":{"rendered":"<p>Chez Hacienda Ortigosa, nous sommes fiers de partager les distinctions que notre huile d\u2019olivevierge extra 100 % Arbequina a re\u00e7ues ces derni\u00e8res ann\u00e9es. Ces prix refl\u00e8tent notreengagement envers la qualit\u00e9, la tradition et l\u2019excellence dans chaque bouteille, consolidant notreHOVE comme une r\u00e9f\u00e9rence de saveur et d\u2019authenticit\u00e9 dans le secteur. London International Olive Oil Competition 2023 [&hellip;]<\/p>\n","protected":false},"author":3,"featured_media":0,"parent":0,"menu_order":0,"comment_status":"closed","ping_status":"closed","template":"","meta":{"_acf_changed":false,"footnotes":""},"class_list":["post-1640","page","type-page","status-publish","hentry"],"acf":[],"_links":{"self":[{"href":"https:\/\/haciendaortigosa.com\/fr\/wp-json\/wp\/v2\/pages\/1640","targetHints":{"allow":["GET"]}}],"collection":[{"href":"https:\/\/haciendaortigosa.com\/fr\/wp-json\/wp\/v2\/pages"}],"about":[{"href":"https:\/\/haciendaortigosa.com\/fr\/wp-json\/wp\/v2\/types\/page"}],"author":[{"embeddable":true,"href":"https:\/\/haciendaortigosa.com\/fr\/wp-json\/wp\/v2\/users\/3"}],"replies":[{"embeddable":true,"href":"https:\/\/haciendaortigosa.com\/fr\/wp-json\/wp\/v2\/comments?post=1640"}],"version-history":[{"count":1,"href":"https:\/\/haciendaortigosa.com\/fr\/wp-json\/wp\/v2\/pages\/1640\/revisions"}],"predecessor-version":[{"id":1647,"href":"https:\/\/haciendaortigosa.com\/fr\/wp-json\/wp\/v2\/pages\/1640\/revisions\/1647"}],"wp:attachment":[{"href":"https:\/\/haciendaortigosa.com\/fr\/wp-json\/wp\/v2\/media?parent=1640"}],"curies":[{"name":"wp","href":"https:\/\/api.w.org\/{rel}","templated":true}]}}