{"id":1724,"date":"2026-02-11T09:32:13","date_gmt":"2026-02-11T09:32:13","guid":{"rendered":"https:\/\/haciendaortigosa.com\/product\/huile-dolive-vierge-extra-%c2%b7-80-arbequina-et-20-arroniz-%c2%b7-bidon-5-l\/"},"modified":"2026-02-11T09:32:13","modified_gmt":"2026-02-11T09:32:13","slug":"huile-dolive-vierge-extra-%c2%b7-80-arbequina-et-20-arroniz-%c2%b7-bidon-5-l","status":"publish","type":"product","link":"https:\/\/haciendaortigosa.com\/fr\/product\/huile-dolive-vierge-extra-%c2%b7-80-arbequina-et-20-arroniz-%c2%b7-bidon-5-l\/","title":{"rendered":"Huile d\u2019olive vierge extra \u00b7 80&nbsp;% arbequina et 20&nbsp;% arr\u00f3niz \u00b7 Bidon 5&nbsp;l."},"content":{"rendered":"<p>Huile d\u2019olive vierge extra, m\u00e9lange : vari\u00e9t\u00e9 arbequina 80&nbsp;% et vari\u00e9t\u00e9 arr\u00f3niz 20&nbsp;%,<\/p>\n<p>Valle de Cod\u00e9s.<\/p>\n","protected":false},"excerpt":{"rendered":"<p>Huile d\u2019olive vierge extra, m\u00e9lange : vari\u00e9t\u00e9 arbequina 80&nbsp;% et vari\u00e9t\u00e9 arr\u00f3niz 20&nbsp;%, Valle de Cod\u00e9s.<\/p>\n","protected":false},"featured_media":1411,"comment_status":"open","ping_status":"closed","template":"","meta":{"_acf_changed":false},"product_brand":[],"product_cat":[67,66],"product_tag":[69,68],"class_list":{"0":"post-1724","1":"product","2":"type-product","3":"status-publish","4":"has-post-thumbnail","6":"product_cat-80-arbequina-et-20-arroniz","7":"product_cat-hove","8":"product_tag-melange","9":"product_tag-pet","11":"first","12":"instock","13":"shipping-taxable","14":"purchasable","15":"product-type-simple"},"acf":[],"_links":{"self":[{"href":"https:\/\/haciendaortigosa.com\/fr\/wp-json\/wp\/v2\/product\/1724","targetHints":{"allow":["GET"]}}],"collection":[{"href":"https:\/\/haciendaortigosa.com\/fr\/wp-json\/wp\/v2\/product"}],"about":[{"href":"https:\/\/haciendaortigosa.com\/fr\/wp-json\/wp\/v2\/types\/product"}],"replies":[{"embeddable":true,"href":"https:\/\/haciendaortigosa.com\/fr\/wp-json\/wp\/v2\/comments?post=1724"}],"wp:featuredmedia":[{"embeddable":true,"href":"https:\/\/haciendaortigosa.com\/fr\/wp-json\/wp\/v2\/media\/1411"}],"wp:attachment":[{"href":"https:\/\/haciendaortigosa.com\/fr\/wp-json\/wp\/v2\/media?parent=1724"}],"wp:term":[{"taxonomy":"product_brand","embeddable":true,"href":"https:\/\/haciendaortigosa.com\/fr\/wp-json\/wp\/v2\/product_brand?post=1724"},{"taxonomy":"product_cat","embeddable":true,"href":"https:\/\/haciendaortigosa.com\/fr\/wp-json\/wp\/v2\/product_cat?post=1724"},{"taxonomy":"product_tag","embeddable":true,"href":"https:\/\/haciendaortigosa.com\/fr\/wp-json\/wp\/v2\/product_tag?post=1724"}],"curies":[{"name":"wp","href":"https:\/\/api.w.org\/{rel}","templated":true}]}}