{"id":1752,"date":"2026-02-11T09:18:44","date_gmt":"2026-02-11T09:18:44","guid":{"rendered":"https:\/\/haciendaortigosa.com\/product\/huile-dolive-vierge-extra-%c2%b7-80-arbequina-et-20-arroniz-%c2%b7-boite-de-12-x-025-l\/"},"modified":"2026-02-11T09:18:44","modified_gmt":"2026-02-11T09:18:44","slug":"huile-dolive-vierge-extra-%c2%b7-80-arbequina-et-20-arroniz-%c2%b7-boite-de-12-x-025-l","status":"publish","type":"product","link":"https:\/\/haciendaortigosa.com\/fr\/product\/huile-dolive-vierge-extra-%c2%b7-80-arbequina-et-20-arroniz-%c2%b7-boite-de-12-x-025-l\/","title":{"rendered":"Huile d&rsquo;Olive Vierge Extra \u00b7 80 % Arbequina et 20 % Arr\u00f3niz \u00b7 Bo\u00eete de 12 x 0,25 L"},"content":{"rendered":"<p>Huile d&rsquo;olive vierge extra, m\u00e9lange, vari\u00e9t\u00e9 Arbequina 80 % et vari\u00e9t\u00e9 Arr\u00f3niz 20 %,<\/p>\n<p>Vall\u00e9e de Cod\u00e9s.<\/p>\n","protected":false},"excerpt":{"rendered":"<p>Huile d&rsquo;olive vierge extra, m\u00e9lange, vari\u00e9t\u00e9 Arbequina 80 % et vari\u00e9t\u00e9 Arr\u00f3niz 20 %, Vall\u00e9e de Cod\u00e9s.<\/p>\n","protected":false},"featured_media":1416,"comment_status":"open","ping_status":"closed","template":"","meta":{"_acf_changed":false},"product_brand":[],"product_cat":[67,66],"product_tag":[77,69],"class_list":{"0":"post-1752","1":"product","2":"type-product","3":"status-publish","4":"has-post-thumbnail","6":"product_cat-80-arbequina-et-20-arroniz","7":"product_cat-hove","8":"product_tag-bouteille-en-verre","9":"product_tag-melange","11":"first","12":"instock","13":"shipping-taxable","14":"purchasable","15":"product-type-simple"},"acf":[],"_links":{"self":[{"href":"https:\/\/haciendaortigosa.com\/fr\/wp-json\/wp\/v2\/product\/1752","targetHints":{"allow":["GET"]}}],"collection":[{"href":"https:\/\/haciendaortigosa.com\/fr\/wp-json\/wp\/v2\/product"}],"about":[{"href":"https:\/\/haciendaortigosa.com\/fr\/wp-json\/wp\/v2\/types\/product"}],"replies":[{"embeddable":true,"href":"https:\/\/haciendaortigosa.com\/fr\/wp-json\/wp\/v2\/comments?post=1752"}],"wp:featuredmedia":[{"embeddable":true,"href":"https:\/\/haciendaortigosa.com\/fr\/wp-json\/wp\/v2\/media\/1416"}],"wp:attachment":[{"href":"https:\/\/haciendaortigosa.com\/fr\/wp-json\/wp\/v2\/media?parent=1752"}],"wp:term":[{"taxonomy":"product_brand","embeddable":true,"href":"https:\/\/haciendaortigosa.com\/fr\/wp-json\/wp\/v2\/product_brand?post=1752"},{"taxonomy":"product_cat","embeddable":true,"href":"https:\/\/haciendaortigosa.com\/fr\/wp-json\/wp\/v2\/product_cat?post=1752"},{"taxonomy":"product_tag","embeddable":true,"href":"https:\/\/haciendaortigosa.com\/fr\/wp-json\/wp\/v2\/product_tag?post=1752"}],"curies":[{"name":"wp","href":"https:\/\/api.w.org\/{rel}","templated":true}]}}